{"id":10621,"date":"2023-05-02T19:50:04","date_gmt":"2023-05-02T19:50:04","guid":{"rendered":"https:\/\/grupoplasma.com\/netcom\/?post_type=product&#038;p=10621"},"modified":"2023-05-02T20:03:07","modified_gmt":"2023-05-02T20:03:07","slug":"cable-mini-displayport-a-displayport-4k60hz-de-1-80-metros","status":"publish","type":"product","link":"https:\/\/grupoplasma.com\/netcom\/producto\/cable-mini-displayport-a-displayport-4k60hz-de-1-80-metros\/","title":{"rendered":"Cable Mini DisplayPort a DisplayPort 4K@60Hz de 1.80 Metros"},"content":{"rendered":"<div dir=\"auto\">Este Cable Mini DisplayPort a DisplayPort Versi\u00f3n 1.3, v\u00eddeo Ultra HD 4K, no s\u00f3lo transfiere la se\u00f1al de Mini DisplayPort a DisplayPort sino tambi\u00e9n de DisplayPort a Mini DisplayPort; permite conectar un monitor con entrada DisplayPort a fuente de v\u00eddeo con salida Mini DisplayPort, o conectar un monitor con entrada MDP a una tarjeta gr\u00e1fica con salida DisplayPort. Ambas conexiones son compatibles. Este pr\u00e1ctico car\u00e1cter hace que el cable se ajuste a varios escenarios.<\/div>\n<div dir=\"auto\">El cable Mini DisplayPort a DisplayPort tiene una longitud de 1.80 metros y soporta resoluciones m\u00e1ximas de hasta 4K (3840 x 2160) a 60Hz, calidad de imagen 4K, logrando unas experiencias inmensas suaves, efecto visual 3D. DisplayPort versi\u00f3n 1.3, compatible con DisplayPort 1.3, 1.2 y 1.1.<\/div>\n<div dir=\"auto\">Amplia compatibilidad y f\u00e1cil conexi\u00f3n, nuestro cable Mini DP a DP Ultra HD 4K es ampliamente compatible con MacBook Pro, MacBook Air, Surface Pro, Mac Mini y otros port\u00e1tiles equipados con mini DisplayPort. Mientras se utiliza, se conecta directamente desde tus port\u00e1tiles Mini DP a tus monitores DisplayPort.<\/div>\n<div dir=\"auto\"><\/div>\n<div dir=\"auto\">Producto avalado por la garant\u00eda de NETCOM y con soporte t\u00e9cnico gratuito de por vida.<\/div>\n","protected":false},"excerpt":{"rendered":"<p>Este Cable Mini DisplayPort a DisplayPort Versi\u00f3n 1.3, v\u00eddeo Ultra HD 4K, no s\u00f3lo transfiere la se\u00f1al de Mini DisplayPort a DisplayPort sino tambi\u00e9n de DisplayPort a Mini DisplayPort; permite conectar un monitor con entrada DisplayPort a fuente de v\u00eddeo con salida Mini DisplayPort, o conectar un monitor con entrada MDP a una tarjeta gr\u00e1fica con salida DisplayPort. Ambas conexiones son compatibles. Este pr\u00e1ctico car\u00e1cter hace que el cable se ajuste a varios escenarios.<\/p>\n<div dir=\"auto\">\u2022 Marca: NETCOM.<\/div>\n<div dir=\"auto\">\u2022 Modelo: PE-DP0189<\/div>\n<div dir=\"auto\">\u2022 Versi\u00f3n: 2023.<\/div>\n<div dir=\"auto\">NETCOM es una marca 100% peruana<\/div>\n","protected":false},"featured_media":10622,"template":"","meta":[],"product_brand":[],"product_cat":[161],"product_tag":[],"class_list":{"0":"post-10621","1":"product","2":"type-product","3":"status-publish","4":"has-post-thumbnail","6":"product_cat-cables-displayport","9":"first","10":"instock","11":"shipping-taxable","12":"product-type-simple"},"_links":{"self":[{"href":"https:\/\/grupoplasma.com\/netcom\/wp-json\/wp\/v2\/product\/10621","targetHints":{"allow":["GET"]}}],"collection":[{"href":"https:\/\/grupoplasma.com\/netcom\/wp-json\/wp\/v2\/product"}],"about":[{"href":"https:\/\/grupoplasma.com\/netcom\/wp-json\/wp\/v2\/types\/product"}],"wp:featuredmedia":[{"embeddable":true,"href":"https:\/\/grupoplasma.com\/netcom\/wp-json\/wp\/v2\/media\/10622"}],"wp:attachment":[{"href":"https:\/\/grupoplasma.com\/netcom\/wp-json\/wp\/v2\/media?parent=10621"}],"wp:term":[{"taxonomy":"product_brand","embeddable":true,"href":"https:\/\/grupoplasma.com\/netcom\/wp-json\/wp\/v2\/product_brand?post=10621"},{"taxonomy":"product_cat","embeddable":true,"href":"https:\/\/grupoplasma.com\/netcom\/wp-json\/wp\/v2\/product_cat?post=10621"},{"taxonomy":"product_tag","embeddable":true,"href":"https:\/\/grupoplasma.com\/netcom\/wp-json\/wp\/v2\/product_tag?post=10621"}],"curies":[{"name":"wp","href":"https:\/\/api.w.org\/{rel}","templated":true}]}}