{"id":10607,"date":"2023-05-02T19:32:38","date_gmt":"2023-05-02T19:32:38","guid":{"rendered":"https:\/\/grupoplasma.com\/netcom\/?post_type=product&#038;p=10607"},"modified":"2023-05-02T19:33:38","modified_gmt":"2023-05-02T19:33:38","slug":"cable-displayport-a-displayport-4k60hz-de-3-metros","status":"publish","type":"product","link":"https:\/\/grupoplasma.com\/netcom\/producto\/cable-displayport-a-displayport-4k60hz-de-3-metros\/","title":{"rendered":"Cable DisplayPort a DisplayPort 4k@60Hz de 3 Metros"},"content":{"rendered":"<div class=\"xdj266r x11i5rnm xat24cr x1mh8g0r x1vvkbs x126k92a\">\n<div dir=\"auto\">Este cable DisplayPort\u2122 a DisplayPort\u2122 con cierres permite conexiones seguras entre sus dispositivos equipados con DisplayPort, a una distancia de hasta 3 metros entre la fuente y la pantalla.<\/div>\n<div dir=\"auto\">El cable DisplayPort ofrece un rendimiento superior a HDMI\u00ae o DVI de enlace dual, adem\u00e1s de admitir resoluciones de alta definici\u00f3n de hasta 4k x 2k (4096 x 2160) a 60 Hz, con un ancho de banda m\u00e1ximo HBR2 de 21,6 Gbps. Tambi\u00e9n admite MST (&#8220;Multi-Stream&#8221;) para la conexi\u00f3n en serie de varios monitores, adem\u00e1s de compatibilidad opcional con audio.<\/div>\n<div dir=\"auto\">El cable PE-DP0153 para DisplayPort est\u00e1 avalado por la garant\u00eda de NETCOM, con fiabilidad garantizada, y con la seguridad de que el contenido protegido digitalmente por HDCP o DPCP se mostrar\u00e1 correctamente.<\/div>\n<div dir=\"auto\"><\/div>\n<\/div>\n<div class=\"x11i5rnm xat24cr x1mh8g0r x1vvkbs xtlvy1s x126k92a\">\n<div dir=\"auto\">Especificaciones<\/div>\n<div dir=\"auto\">\u2022 Longitud: 3 metros.<\/div>\n<div dir=\"auto\">\u2022 DisplayPort versi\u00f3n 1.4.<\/div>\n<div dir=\"auto\">\u2022 Compatibilidad con resoluciones de alta definici\u00f3n de hasta 4k x 2k a 60Hz.<\/div>\n<div dir=\"auto\">\u2022 Compatibilidad con el ancho de banda HBR2 (&#8220;High Bit Rate 2&#8221;) hasta 21,6 Gbps.<\/div>\n<div dir=\"auto\">\u2022 Conexi\u00f3n de una pantalla DisplayPort a un PC u otra fuente DisplayPort.<\/div>\n<div dir=\"auto\">\u2022 Dise\u00f1o liviano y robusto a la vez que se puede conectar f\u00e1cilmente cada vez que se necesita.<\/div>\n<div dir=\"auto\"><\/div>\n<\/div>\n<div dir=\"auto\">Producto avalado por la garant\u00eda de NETCOM y con soporte t\u00e9cnico gratuito de por vida.<\/div>\n","protected":false},"excerpt":{"rendered":"<p>Este cable DisplayPort\u2122 a DisplayPort\u2122 con cierres permite conexiones seguras entre sus dispositivos equipados con DisplayPort, a una distancia de hasta 3 metros entre la fuente y la pantalla.<\/p>\n<div dir=\"auto\">\u2022 Marca: NETCOM.<\/div>\n<div dir=\"auto\">\u2022 Modelo: PE-DP0153<\/div>\n<div dir=\"auto\">\u2022 Versi\u00f3n: 2023.<\/div>\n<div dir=\"auto\">NETCOM es una marca 100% peruana<\/div>\n","protected":false},"featured_media":10609,"template":"","meta":[],"product_brand":[],"product_cat":[161],"product_tag":[],"class_list":{"0":"post-10607","1":"product","2":"type-product","3":"status-publish","4":"has-post-thumbnail","6":"product_cat-cables-displayport","9":"first","10":"instock","11":"shipping-taxable","12":"product-type-simple"},"_links":{"self":[{"href":"https:\/\/grupoplasma.com\/netcom\/wp-json\/wp\/v2\/product\/10607","targetHints":{"allow":["GET"]}}],"collection":[{"href":"https:\/\/grupoplasma.com\/netcom\/wp-json\/wp\/v2\/product"}],"about":[{"href":"https:\/\/grupoplasma.com\/netcom\/wp-json\/wp\/v2\/types\/product"}],"wp:featuredmedia":[{"embeddable":true,"href":"https:\/\/grupoplasma.com\/netcom\/wp-json\/wp\/v2\/media\/10609"}],"wp:attachment":[{"href":"https:\/\/grupoplasma.com\/netcom\/wp-json\/wp\/v2\/media?parent=10607"}],"wp:term":[{"taxonomy":"product_brand","embeddable":true,"href":"https:\/\/grupoplasma.com\/netcom\/wp-json\/wp\/v2\/product_brand?post=10607"},{"taxonomy":"product_cat","embeddable":true,"href":"https:\/\/grupoplasma.com\/netcom\/wp-json\/wp\/v2\/product_cat?post=10607"},{"taxonomy":"product_tag","embeddable":true,"href":"https:\/\/grupoplasma.com\/netcom\/wp-json\/wp\/v2\/product_tag?post=10607"}],"curies":[{"name":"wp","href":"https:\/\/api.w.org\/{rel}","templated":true}]}}