{"id":10574,"date":"2023-04-17T22:09:19","date_gmt":"2023-04-17T22:09:19","guid":{"rendered":"https:\/\/grupoplasma.com\/netcom\/?post_type=product&#038;p=10574"},"modified":"2025-05-09T20:58:03","modified_gmt":"2025-05-09T20:58:03","slug":"cable-hdmi-4k60hz-version-2-0-de-1-80-metros","status":"publish","type":"product","link":"https:\/\/grupoplasma.com\/netcom\/producto\/cable-hdmi-4k60hz-version-2-0-de-1-80-metros\/","title":{"rendered":"Cable HDMI Versi\u00f3n 2.0 De 1.80 Metros"},"content":{"rendered":"<div class=\"x11i5rnm xat24cr x1mh8g0r x1vvkbs xdj266r x126k92a\">\n<div dir=\"auto\">\n<p>\u00a0Este cable con certificaci\u00f3n HDMI 2.0 de alta velocidad admite resoluciones 4K@60Hz (3840x2160p) , permite ver claramente cada detalle de sus videos, fotos, documentos, juegos, p\u00e1ginas web en TV 4K o cine en casa. Admite Dynamic HDR (&#8220;High Dynamic Range&#8221;, alto rango din\u00e1mico) y anchos de banda de hasta 18Gbps, ofreciendo una imagen incre\u00edblemente realista iluminando los detalles m\u00e1s peque\u00f1os. Adem\u00e1s, el ARC (canal de retorno de audio) cuenta con hasta 32 canales de audio digital 5.1 y 7.1 sin comprimir para soportar DTS-HD Master Audio\u2122, DTS:X\u00ae, Dolby\u00ae TrueHD, Dolby Atmos\u00ae para un sonido de alta calidad.<\/p>\n<p>Construido con conectores chapados en oro de 24 quilates, alambre de cobre de 28 AWG y triple esta\u00f1o blindado en una cubierta de PVC de alta calidad. Probado para soportar el desgaste m\u00e1s intenso, este cable durable es imprescindible para las aplicaciones empresariales y de consumo. Funciona con todos los dispositivos preparados para 4K y tambi\u00e9n es compatible con especificaciones HDMI previas.<\/p>\n<p>Los conectores chapados en oro y libres de corrosi\u00f3n garantizan una calidad de v\u00eddeo superior &amp; una mayor fiabilidad. Probados para soportar m\u00e1s de 10.000 inserciones<\/p>\n<p><strong>Mas Especificaciones:<\/strong><\/p>\n<p>Longitud: 1.80 metros.<\/p>\n<p>Conductor: Ox\u00edgeno de cobre libre de hal\u00f3geno.<\/p>\n<p>Conector: tipo A &#8211; A pin 19 + 1.<\/p>\n<p>Di\u00e1metro: OD 8mm Ambiental, 28AWG.<\/p>\n<p>Materiales: Cubierta de PVC, chaqueta de metal y conectores 24K chapados en oro.<\/p>\n<p>Compatibilidad: Admite todos los dispositivos HDMI.<\/p>\n<p>Resoluci\u00f3n m\u00e1xima: Ultra HD 4K@60Hz.<\/p>\n<p>Versi\u00f3n: HDMI 2.0, compatible con versiones anteriores de HDMI 1.4 \/ 1.3.<\/p>\n<p>Velocidad de transmisi\u00f3n: 18Gbps.<\/p>\n<p>Admite HDR (&#8220;High Dynamic Range&#8221;, alto rango din\u00e1mico).<\/p>\n<p>Admite contenido 3D, compatible con HDCP 2.2.<\/p>\n<p>Ethernet: Apoyo Ethernet Digital de canal de retorno de audio.<\/p>\n<p>Nivel de protecci\u00f3n: Triple.<\/p>\n<p>Temperatura: -20\u2103 ~ 60\u2103.<\/p>\n<p>Tensi\u00f3n nominal: 30 V.<\/p>\n<\/div>\n<\/div>\n","protected":false},"excerpt":{"rendered":"<div class=\"x11i5rnm xat24cr x1mh8g0r x1vvkbs xdj266r x126k92a\">\n<div dir=\"auto\">\n<p>Este cable con certificaci\u00f3n HDMI 2.0 de alta velocidad admite resoluciones 4K@60Hz (3840x2160p) , permite ver claramente cada detalle de sus videos, fotos, documentos, juegos, p\u00e1ginas web en TV 4K o cine en casa. Admite Dynamic HDR (&#8220;High Dynamic Range&#8221;, alto rango din\u00e1mico) y anchos de banda de hasta 18Gbps, ofreciendo una imagen incre\u00edblemente realista iluminando los detalles m\u00e1s peque\u00f1os.<\/p>\n<p>Marca: NETCOM.<\/p>\n<p>Modelo: PE-HD0102.<\/p>\n<p>Marca 100% peruana, producto avalado por la garant\u00eda de NETCOM y con soporte t\u00e9cnico gratuito de por vida.<\/p>\n<\/div>\n<\/div>\n","protected":false},"featured_media":11203,"template":"","meta":[],"product_brand":[],"product_cat":[159],"product_tag":[],"class_list":{"0":"post-10574","1":"product","2":"type-product","3":"status-publish","4":"has-post-thumbnail","6":"product_cat-cables-hdmi","9":"first","10":"instock","11":"shipping-taxable","12":"product-type-simple"},"_links":{"self":[{"href":"https:\/\/grupoplasma.com\/netcom\/wp-json\/wp\/v2\/product\/10574","targetHints":{"allow":["GET"]}}],"collection":[{"href":"https:\/\/grupoplasma.com\/netcom\/wp-json\/wp\/v2\/product"}],"about":[{"href":"https:\/\/grupoplasma.com\/netcom\/wp-json\/wp\/v2\/types\/product"}],"wp:featuredmedia":[{"embeddable":true,"href":"https:\/\/grupoplasma.com\/netcom\/wp-json\/wp\/v2\/media\/11203"}],"wp:attachment":[{"href":"https:\/\/grupoplasma.com\/netcom\/wp-json\/wp\/v2\/media?parent=10574"}],"wp:term":[{"taxonomy":"product_brand","embeddable":true,"href":"https:\/\/grupoplasma.com\/netcom\/wp-json\/wp\/v2\/product_brand?post=10574"},{"taxonomy":"product_cat","embeddable":true,"href":"https:\/\/grupoplasma.com\/netcom\/wp-json\/wp\/v2\/product_cat?post=10574"},{"taxonomy":"product_tag","embeddable":true,"href":"https:\/\/grupoplasma.com\/netcom\/wp-json\/wp\/v2\/product_tag?post=10574"}],"curies":[{"name":"wp","href":"https:\/\/api.w.org\/{rel}","templated":true}]}}