{"id":10544,"date":"2023-04-04T21:28:26","date_gmt":"2023-04-04T21:28:26","guid":{"rendered":"https:\/\/grupoplasma.com\/netcom\/?post_type=product&#038;p=10544"},"modified":"2023-04-04T21:28:26","modified_gmt":"2023-04-04T21:28:26","slug":"cable-slim-hdmi-4k60hz-version-2-0-de-3-metros-2","status":"publish","type":"product","link":"https:\/\/grupoplasma.com\/netcom\/producto\/cable-slim-hdmi-4k60hz-version-2-0-de-3-metros-2\/","title":{"rendered":"Cable Slim HDMI 4K@60Hz Versi\u00f3n 2.0 De 3 Metros"},"content":{"rendered":"<p>Este cable premium ultra delgado HDMI a HDMI (macho a macho), es un cable de calidad superior que le permite transmitir audio y v\u00eddeo desde una c\u00e1mara, tablet o port\u00e1til a trav\u00e9s del puerto HDMI a su HDTV o proyector con puerto HDMI, le permite jugar en su pantalla grande de HDTV o compartir v\u00eddeo y audio digital de alta definici\u00f3n con su familia y amigos.<br \/>\nEl cable HDMI a HDMI versi\u00f3n 2.0 cuenta con eARC (canal de retorno de audio mejorado) para entregar directamente audio sin compresi\u00f3n, sin p\u00e9rdida y de resoluci\u00f3n completa (como Dolby Atmos, DTS: X) desde la TV a la barra de sonido \/ receptor de AV. No necesita ning\u00fan cable de audio adicional. Adem\u00e1s es compatible con HEC (canal Ethernet HDMI) y permite que m\u00faltiples dispositivos habilitados para Ethernet intercambien archivos sin necesidad de cables Ethernet espec\u00edficos. Tiene una cubierta de pvc que puede resistir m\u00e1s de 16,000 pruebas de flexi\u00f3n. Los conectores chapados en oro y carcasa de aluminio brindan la m\u00e1xima protecci\u00f3n para evitar interferencias de se\u00f1ales externas y garantizar una transmisi\u00f3n r\u00e1pida de se\u00f1ales de audio y video digital de alta definici\u00f3n.<\/p>\n<p>M\u00e1s especificaciones<br \/>\nLongitud: 3 metros.<br \/>\nConductor: Ox\u00edgeno de cobre libre de hal\u00f3geno.<br \/>\nConector: tipo A Tipo A pin 19 + 1.<br \/>\nConector: 24 K chapado en oro.<br \/>\nCompatibilidad: Admite todos los dispositivos HDMI 2.0 e inferior.<br \/>\nResoluci\u00f3n: Ultra HD 2160 p 3D 4 K * 2K @ 60Hz.<br \/>\nVelocidad de transmisi\u00f3n: 18Gbps.<br \/>\nNivel de protecci\u00f3n: Triple.<br \/>\nTemperatura: 0\u2103 ~ 80\u2103.<br \/>\nEthernet: Apoyo Ethernet Digital de canal de retorno de audio.<br \/>\nTensi\u00f3n nominal: 30 V.<\/p>\n<p>Producto avalado por la garant\u00eda de NETCOM y con soporte t\u00e9cnico gratuito de por vida.<\/p>\n","protected":false},"excerpt":{"rendered":"<p>Este cable premium ultra delgado HDMI a HDMI (macho a macho), es un cable de calidad superior que le permite transmitir audio y v\u00eddeo desde una c\u00e1mara, tablet o port\u00e1til a trav\u00e9s del puerto HDMI a su HDTV o proyector con puerto HDMI, le permite jugar en su pantalla grande de HDTV o compartir v\u00eddeo y audio digital de alta definici\u00f3n con su familia y amigos.<\/p>\n<p>Marca: NETCOM<br \/>\nModelo: PE-HD0893<br \/>\nVersi\u00f3n: 2023<br \/>\nNETCOM es una marca 100% peruana<\/p>\n","protected":false},"featured_media":10533,"template":"","meta":[],"product_brand":[],"product_cat":[159],"product_tag":[],"class_list":{"0":"post-10544","1":"product","2":"type-product","3":"status-publish","4":"has-post-thumbnail","6":"product_cat-cables-hdmi","9":"first","10":"instock","11":"shipping-taxable","12":"product-type-simple"},"_links":{"self":[{"href":"https:\/\/grupoplasma.com\/netcom\/wp-json\/wp\/v2\/product\/10544","targetHints":{"allow":["GET"]}}],"collection":[{"href":"https:\/\/grupoplasma.com\/netcom\/wp-json\/wp\/v2\/product"}],"about":[{"href":"https:\/\/grupoplasma.com\/netcom\/wp-json\/wp\/v2\/types\/product"}],"wp:featuredmedia":[{"embeddable":true,"href":"https:\/\/grupoplasma.com\/netcom\/wp-json\/wp\/v2\/media\/10533"}],"wp:attachment":[{"href":"https:\/\/grupoplasma.com\/netcom\/wp-json\/wp\/v2\/media?parent=10544"}],"wp:term":[{"taxonomy":"product_brand","embeddable":true,"href":"https:\/\/grupoplasma.com\/netcom\/wp-json\/wp\/v2\/product_brand?post=10544"},{"taxonomy":"product_cat","embeddable":true,"href":"https:\/\/grupoplasma.com\/netcom\/wp-json\/wp\/v2\/product_cat?post=10544"},{"taxonomy":"product_tag","embeddable":true,"href":"https:\/\/grupoplasma.com\/netcom\/wp-json\/wp\/v2\/product_tag?post=10544"}],"curies":[{"name":"wp","href":"https:\/\/api.w.org\/{rel}","templated":true}]}}