{"id":10398,"date":"2023-02-17T17:30:08","date_gmt":"2023-02-17T17:30:08","guid":{"rendered":"https:\/\/grupoplasma.com\/netcom\/?post_type=product&#038;p=10398"},"modified":"2023-02-17T17:30:08","modified_gmt":"2023-02-17T17:30:08","slug":"crimping-tool-para-conector-rj11-rj12-6p-rj45-8p","status":"publish","type":"product","link":"https:\/\/grupoplasma.com\/netcom\/producto\/crimping-tool-para-conector-rj11-rj12-6p-rj45-8p\/","title":{"rendered":"Crimping Tool Para Conector RJ11 \u2013 RJ12\/6P \u2013 RJ45\/8P"},"content":{"rendered":"<p>Esta herramienta crimpadora de cableado RJ45\/RJ12\/RJ11 permite ahorrar tiempo y esfuerzo al trabajar con cualquier cable, ya que sirve como herramienta crimpadora y pelacables.<br \/>\nPuede cortar f\u00e1cilmente, pelar y crimpar cable para enchufes modulares de 6 y 8 posiciones y cableado aislado. El trabajo de instalaci\u00f3n se puede resolver con una sola herramienta. lo que permite un agarre ergon\u00f3mico y una acci\u00f3n de compresi\u00f3n c\u00f3moda.<br \/>\nMuy f\u00e1cil de usar para usuarios dom\u00e9sticos o de oficina, principiantes u profesionales permitiendo hacer un trabajo fino y evitando errores.  La herramienta de engaste tambi\u00e9n tiene una configuraci\u00f3n de trinquete para permitir el reagarre para la presi\u00f3n final. Las empu\u00f1aduras antideslizantes azules y negras mejoran la comodidad y la visibilidad.<br \/>\nMas Especificaciones.<br \/>\nCrimpadora profesional, tira y corta cable para enchufes modulares de 6 y 8 posiciones.<br \/>\nHecha de acero de alto carbono y acabado en \u00f3xido negro para un alto rendimiento.<br \/>\nProtector de cuchilla en cortar y pelar para reducir el riesgo de lesiones y ayuda a mantener la nitidez de la afeitadora.<br \/>\nLa liberaci\u00f3n de seguridad de trinquete es \u00fatil para evitar el peligro durante el corte, pelado y engarzado.<br \/>\nLos agarres antideslizantes azules y negros mejoran la comodidad, visibilidad y permiten una r\u00e1pida identificaci\u00f3n.<\/p>\n<p>Producto avalado por la garant\u00eda de NETCOM y con soporte t\u00e9cnico gratuito de por vida.<\/p>\n","protected":false},"excerpt":{"rendered":"<p>Esta herramienta crimpadora de cableado RJ45\/RJ12\/RJ11 permite ahorrar tiempo y esfuerzo al trabajar con cualquier cable, ya que sirve como herramienta crimpadora y pelacables.<br \/>\nPuede cortar f\u00e1cilmente, pelar y crimpar cable para enchufes modulares de 6 y 8 posiciones y cableado aislado. El trabajo de instalaci\u00f3n se puede resolver con una sola herramienta. lo que permite un agarre ergon\u00f3mico y una acci\u00f3n de compresi\u00f3n c\u00f3moda.<\/p>\n<p>Marca: NETCOM<br \/>\nModelo: PE-ET0049<br \/>\nVersi\u00f3n: 2023<br \/>\nNETCOM es una marca 100% peruana<\/p>\n","protected":false},"featured_media":10399,"template":"","meta":[],"product_brand":[],"product_cat":[169],"product_tag":[],"class_list":{"0":"post-10398","1":"product","2":"type-product","3":"status-publish","4":"has-post-thumbnail","6":"product_cat-accesorios","9":"first","10":"instock","11":"shipping-taxable","12":"product-type-simple"},"_links":{"self":[{"href":"https:\/\/grupoplasma.com\/netcom\/wp-json\/wp\/v2\/product\/10398","targetHints":{"allow":["GET"]}}],"collection":[{"href":"https:\/\/grupoplasma.com\/netcom\/wp-json\/wp\/v2\/product"}],"about":[{"href":"https:\/\/grupoplasma.com\/netcom\/wp-json\/wp\/v2\/types\/product"}],"wp:featuredmedia":[{"embeddable":true,"href":"https:\/\/grupoplasma.com\/netcom\/wp-json\/wp\/v2\/media\/10399"}],"wp:attachment":[{"href":"https:\/\/grupoplasma.com\/netcom\/wp-json\/wp\/v2\/media?parent=10398"}],"wp:term":[{"taxonomy":"product_brand","embeddable":true,"href":"https:\/\/grupoplasma.com\/netcom\/wp-json\/wp\/v2\/product_brand?post=10398"},{"taxonomy":"product_cat","embeddable":true,"href":"https:\/\/grupoplasma.com\/netcom\/wp-json\/wp\/v2\/product_cat?post=10398"},{"taxonomy":"product_tag","embeddable":true,"href":"https:\/\/grupoplasma.com\/netcom\/wp-json\/wp\/v2\/product_tag?post=10398"}],"curies":[{"name":"wp","href":"https:\/\/api.w.org\/{rel}","templated":true}]}}