{"id":10345,"date":"2023-02-09T20:58:03","date_gmt":"2023-02-09T20:58:03","guid":{"rendered":"https:\/\/grupoplasma.com\/netcom\/?post_type=product&#038;p=10345"},"modified":"2023-02-09T20:58:04","modified_gmt":"2023-02-09T20:58:04","slug":"conmutador-kvm-hdmi-usb-4k-de-4-puertos","status":"publish","type":"product","link":"https:\/\/grupoplasma.com\/netcom\/producto\/conmutador-kvm-hdmi-usb-4k-de-4-puertos\/","title":{"rendered":"Conmutador KVM HDMI USB 4K de 4 Puertos"},"content":{"rendered":"<p>Este conmutador \/ interruptor KVM HDMI 4 en 1 de salida 4 puertos le permite controlar 4 ordenadores desde un teclado, rat\u00f3n\/monitor USB. Te proporciona una gran flexibilidad en la integraci\u00f3n de equipos de computadora multiplataforma f\u00e1cilmente. Se puede utilizar para empresas, oficinas, ense\u00f1anza multimedia, sala de reuniones, sala de juegos, cine en casa, pruebas de investigaci\u00f3n, etc. Puede implementar la conmutaci\u00f3n libre entre cuatro grupos de fuente de video de alta definici\u00f3n e interfaz USB. El equipo tiene una excelente capacidad de procesamiento y transmisi\u00f3n de im\u00e1genes, hace que la se\u00f1al de salida sea m\u00e1s suave y estable, es una forma de conmutaci\u00f3n USB HDMI confiable, alto rendimiento y eficiente.<br \/>\nEl conmutador USB con 4 puertos USB 2.0 adicionales, 4 ordenadores comparten 4 dispositivos USB 2.0 con un interruptor de bot\u00f3n. Puede reconocer el esc\u00e1ner de c\u00f3digo de barras, disco U, impresora, disco duro USB, c\u00e1mara USB, esc\u00e1ner u otros dispositivos USB. gran compatibilidad, sin controladores para Windows 11\/10\/8\/8.1\/7\/Vista\/XP y Mac OS, Linux y Chrome OS, tambi\u00e9n soporta dispositivos como servidor, c\u00e1mara web, reproductor de disco duro, consola de juegos, DVR, NVR, etc. F\u00e1cil de instalar, enchufar y usar, no se necesita controlador.<br \/>\nSoporta resoluciones m\u00e1ximas de 4K@60Hz, haciendo que la imagen sea m\u00e1s exquisita y realista, el color es m\u00e1s brillante y en movimiento. Por supuesto, tambi\u00e9n soporta 4K @ 30Hz, 3D y 1080P o resoluci\u00f3n inferior.<br \/>\nDise\u00f1ado con un bot\u00f3n de interruptor en la caja de interruptores KVM, cambia libremente entre 4 ordenadores pulsando el bot\u00f3n. O cambie f\u00e1cilmente entre sistemas usando el interruptor remoto incluido. El conmutador KVM tiene un cable de extensi\u00f3n de llave y m\u00f3dulo de llave, se puede colocar en una ubicaci\u00f3n de f\u00e1cil acceso para cambiar entre cuatro computadoras. No requiere adaptador de alimentaci\u00f3n externo, aseg\u00farate de conectar los cables USB entre los ordenadores y el interruptor KVM antes de usar.<\/p>\n<p>C\u00f3mo conectar el conmutador KVM HDMI USB.<br \/>\n1. Conecte HDMI IN1\/2\/3\/4 y USB IN1\/2\/3\/4 a PC1 \/ 2\/3\/4 al mismo tiempo.<br \/>\n2. Conecte HDMI Output al monitor \/ TV \/ pantalla HDMI.<br \/>\n3. Conecte un teclado, mouse, impresora, disco duro u otros dispositivos USB al puerto USB.<br \/>\n4.Presione el bot\u00f3n de interruptor de extensi\u00f3n o el bot\u00f3n de interruptor en el cuerpo para cambiar entre las cuatro computadoras.<\/p>\n<p>Producto avalado por la garant\u00eda de NETCOM y con soporte t\u00e9cnico gratuito de por vida.<\/p>\n","protected":false},"excerpt":{"rendered":"<p>Este conmutador \/ interruptor KVM HDMI 4 en 1 de salida 4 puertos le permite controlar 4 ordenadores desde un teclado, rat\u00f3n\/monitor USB. Te proporciona una gran flexibilidad en la integraci\u00f3n de equipos de computadora multiplataforma f\u00e1cilmente. Se puede utilizar para empresas, oficinas, ense\u00f1anza multimedia, sala de reuniones, sala de juegos, cine en casa, pruebas de investigaci\u00f3n, etc. Puede implementar la conmutaci\u00f3n libre entre cuatro grupos de fuente de video de alta definici\u00f3n e interfaz USB. El equipo tiene una excelente capacidad de procesamiento y transmisi\u00f3n de im\u00e1genes, hace que la se\u00f1al de salida sea m\u00e1s suave y estable, es una forma de conmutaci\u00f3n USB HDMI confiable, alto rendimiento y eficiente.<\/p>\n<p>Marca: NETCOM<br \/>\nModelo: PE-SC0050<br \/>\nVersi\u00f3n: 2023<br \/>\nNETCOM es una marca 100% peruana<\/p>\n","protected":false},"featured_media":10346,"template":"","meta":[],"product_brand":[],"product_cat":[166],"product_tag":[],"class_list":{"0":"post-10345","1":"product","2":"type-product","3":"status-publish","4":"has-post-thumbnail","6":"product_cat-conmutadores-kvm","9":"first","10":"instock","11":"shipping-taxable","12":"product-type-simple"},"_links":{"self":[{"href":"https:\/\/grupoplasma.com\/netcom\/wp-json\/wp\/v2\/product\/10345","targetHints":{"allow":["GET"]}}],"collection":[{"href":"https:\/\/grupoplasma.com\/netcom\/wp-json\/wp\/v2\/product"}],"about":[{"href":"https:\/\/grupoplasma.com\/netcom\/wp-json\/wp\/v2\/types\/product"}],"wp:featuredmedia":[{"embeddable":true,"href":"https:\/\/grupoplasma.com\/netcom\/wp-json\/wp\/v2\/media\/10346"}],"wp:attachment":[{"href":"https:\/\/grupoplasma.com\/netcom\/wp-json\/wp\/v2\/media?parent=10345"}],"wp:term":[{"taxonomy":"product_brand","embeddable":true,"href":"https:\/\/grupoplasma.com\/netcom\/wp-json\/wp\/v2\/product_brand?post=10345"},{"taxonomy":"product_cat","embeddable":true,"href":"https:\/\/grupoplasma.com\/netcom\/wp-json\/wp\/v2\/product_cat?post=10345"},{"taxonomy":"product_tag","embeddable":true,"href":"https:\/\/grupoplasma.com\/netcom\/wp-json\/wp\/v2\/product_tag?post=10345"}],"curies":[{"name":"wp","href":"https:\/\/api.w.org\/{rel}","templated":true}]}}