{"id":10335,"date":"2023-02-07T22:33:25","date_gmt":"2023-02-07T22:33:25","guid":{"rendered":"https:\/\/grupoplasma.com\/netcom\/?post_type=product&#038;p=10335"},"modified":"2023-02-07T22:33:25","modified_gmt":"2023-02-07T22:33:25","slug":"conmutador-kvm-usb-3-0-de-4-puertos","status":"publish","type":"product","link":"https:\/\/grupoplasma.com\/netcom\/producto\/conmutador-kvm-usb-3-0-de-4-puertos\/","title":{"rendered":"Conmutador KVM USB 3.0 de 4 Puertos"},"content":{"rendered":"<p>Este conmutador KVM USB 3.0 permite mediante un bot\u00f3n usar 4 computadoras para compartir 4 dispositivos perif\u00e9ricos sin tirar constantemente de cables, una tecla para cambiar en un segundo. Es ideal para compartir dispositivos como discos duros externos, c\u00e1maras web de alta resoluci\u00f3n, videoc\u00e1maras, c\u00e1maras de video vigilancia, c\u00e1maras de video digitales, audio multicanal y otros dispositivos USB entre 4 computadoras.<br \/>\nEl Interruptor USB 3.0 cuenta con un bot\u00f3n \/ pulsador y luces LED indicadoras, puedes cambiar f\u00e1cilmente entre 4 computadoras con un solo clic en el bot\u00f3n y verificar mediante el LED la computadora activa. Alimentado por bus sin necesidad de fuente de alimentaci\u00f3n externa.<br \/>\nEst\u00e1 hecho de aleaci\u00f3n de aluminio de alta calidad con dise\u00f1o compacto y funciones potentes. El aluminio puede disipar mejor el calor, y el bot\u00f3n todav\u00eda se puede utilizar normalmente despu\u00e9s de m\u00e1s de 10.000 pruebas. <\/p>\n<p>C\u00f3mo Utilizar:<br \/>\n1. Conecte sus computadoras usando el cable tipo A a tipo A provisto. (Se pueden conectar hasta cuatro computadoras).<br \/>\n2. Conecte sus dispositivos USB a cualquiera de los cuatro puertos USB. Los dispositivos USB pueden ser un disco flash USB, un mouse, un teclado, una impresora, un esc\u00e1ner, etc.<br \/>\n3. Presione el bot\u00f3n del interruptor para seleccionar la computadora que necesita usar.<\/p>\n<p>Nota: No utilices varios discos duros, impresoras, esc\u00e1neres u otros productos de alta potencia al mismo tiempo, de lo contrario el dispositivo no funcionar\u00e1 (dependiendo de la potencia del dispositivo).<\/p>\n<p>Producto avalado por la garant\u00eda de NETCOM y con soporte t\u00e9cnico gratuito de por vida.<\/p>\n","protected":false},"excerpt":{"rendered":"<p>Este conmutador KVM USB 3.0 permite mediante un bot\u00f3n usar 4 computadoras para compartir 4 dispositivos perif\u00e9ricos sin tirar constantemente de cables, una tecla para cambiar en un segundo. Es ideal para compartir dispositivos como discos duros externos, c\u00e1maras web de alta resoluci\u00f3n, videoc\u00e1maras, c\u00e1maras de video vigilancia, c\u00e1maras de video digitales, audio multicanal y otros dispositivos USB entre 4 computadoras. <\/p>\n<p>Marca: NETCOM<br \/>\nModelo: PE-SC0040<br \/>\nVersi\u00f3n: 2023<br \/>\nNETCOM es una marca 100% peruana<\/p>\n","protected":false},"featured_media":10336,"template":"","meta":[],"product_brand":[],"product_cat":[166],"product_tag":[],"class_list":{"0":"post-10335","1":"product","2":"type-product","3":"status-publish","4":"has-post-thumbnail","6":"product_cat-conmutadores-kvm","9":"first","10":"instock","11":"shipping-taxable","12":"product-type-simple"},"_links":{"self":[{"href":"https:\/\/grupoplasma.com\/netcom\/wp-json\/wp\/v2\/product\/10335","targetHints":{"allow":["GET"]}}],"collection":[{"href":"https:\/\/grupoplasma.com\/netcom\/wp-json\/wp\/v2\/product"}],"about":[{"href":"https:\/\/grupoplasma.com\/netcom\/wp-json\/wp\/v2\/types\/product"}],"wp:featuredmedia":[{"embeddable":true,"href":"https:\/\/grupoplasma.com\/netcom\/wp-json\/wp\/v2\/media\/10336"}],"wp:attachment":[{"href":"https:\/\/grupoplasma.com\/netcom\/wp-json\/wp\/v2\/media?parent=10335"}],"wp:term":[{"taxonomy":"product_brand","embeddable":true,"href":"https:\/\/grupoplasma.com\/netcom\/wp-json\/wp\/v2\/product_brand?post=10335"},{"taxonomy":"product_cat","embeddable":true,"href":"https:\/\/grupoplasma.com\/netcom\/wp-json\/wp\/v2\/product_cat?post=10335"},{"taxonomy":"product_tag","embeddable":true,"href":"https:\/\/grupoplasma.com\/netcom\/wp-json\/wp\/v2\/product_tag?post=10335"}],"curies":[{"name":"wp","href":"https:\/\/api.w.org\/{rel}","templated":true}]}}