{"id":10314,"date":"2023-02-06T22:18:32","date_gmt":"2023-02-06T22:18:32","guid":{"rendered":"https:\/\/grupoplasma.com\/netcom\/?post_type=product&#038;p=10314"},"modified":"2025-05-13T23:21:27","modified_gmt":"2025-05-13T23:21:27","slug":"cable-usb-c-thunderbolt-4-de-1-metro","status":"publish","type":"product","link":"https:\/\/grupoplasma.com\/netcom\/producto\/cable-usb-c-thunderbolt-4-de-1-metro\/","title":{"rendered":"Cable Thunderbolt 4 de 1 Metro"},"content":{"rendered":"<p>Este cable Thunderbolt\u2122 4 (40Gbps) le permite conectar con cualquier puerto Thunderbolt 4 (USB-C\u2122) para transmitir v\u00eddeo y datos a sus dispositivos Thunderbolt, USB y DisplayPort. Adem\u00e1s, el cable puede proporcionar alimentaci\u00f3n para la carga de sus dispositivos y puede vincular hasta seis dispositivos Thunderbolt 4 como parte de una conexi\u00f3n en serie.<\/p>\n<p>Permite tasas de transferencia de datos de 40Gbps en caso de conexi\u00f3n con un dispositivo equipado con Thunderbolt 4 o Thunderbolt 3, lo cual permite la transferencia de ficheros de fotos y v\u00eddeos a cuatro veces la velocidad de un cable USB 3.1 Gen 2 (10Gbps). Por ejemplo, puede transferir una pel\u00edcula 8K en cuesti\u00f3n de segundos. Le permite tasas de transferencia de datos de 10Gbps en caso de conexi\u00f3n con un dispositivo equipado con USB 3.1.<\/p>\n<p>El cable Thunderbolt 4 es totalmente compatible con todos sus dispositivos USB 3.1 Gen 2 y se puede utilizar para la carga y sincronizaci\u00f3n de sus dispositivos m\u00f3viles. Tambi\u00e9n puede conectar y suministrar la alimentaci\u00f3n de ordenadores port\u00e1tiles equipados con USB-C, como los modelos MacBook o Chromebook\u2122, as\u00ed como perif\u00e9ricos USB-C, como sus unidades port\u00e1tiles de disco duro o replicadores de puertos.<\/p>\n<p>Compatible con v\u00eddeo de hasta 8K total a 60Hz y retrocompatible con resoluciones inferiores como 5K, 4K,2K y 1080p. Ofrece hasta 240W de alimentaci\u00f3n para la carga de un ordenador port\u00e1til o encendido de una pantalla, y 15 W para dispositivos con alimentaci\u00f3n por bus, como una caja de unidad de disco.<\/p>\n","protected":false},"excerpt":{"rendered":"<p>Este cable Thunderbolt\u2122 4 (40Gbps) le permite conectar con cualquier puerto Thunderbolt 4 (USB-C\u2122) para transmitir v\u00eddeo y datos a sus dispositivos Thunderbolt, USB y DisplayPort. Adem\u00e1s, el cable puede proporcionar alimentaci\u00f3n para la carga de sus dispositivos y puede vincular hasta seis dispositivos Thunderbolt 4 como parte de una conexi\u00f3n en serie.<\/p>\n<p>Marca: NETCOM.<\/p>\n<p>Modelo: PE-PH0267.<\/p>\n<p>Marca 100% peruana, producto avalado por la garant\u00eda de NETCOM y con soporte t\u00e9cnico gratuito de por vida.<\/p>\n","protected":false},"featured_media":11270,"template":"","meta":[],"product_brand":[],"product_cat":[146,181,165],"product_tag":[],"class_list":{"0":"post-10314","1":"product","2":"type-product","3":"status-publish","4":"has-post-thumbnail","6":"product_cat-cables","7":"product_cat-cables-thunderbolt","8":"product_cat-cables-usb-c","11":"first","12":"instock","13":"shipping-taxable","14":"product-type-simple"},"_links":{"self":[{"href":"https:\/\/grupoplasma.com\/netcom\/wp-json\/wp\/v2\/product\/10314","targetHints":{"allow":["GET"]}}],"collection":[{"href":"https:\/\/grupoplasma.com\/netcom\/wp-json\/wp\/v2\/product"}],"about":[{"href":"https:\/\/grupoplasma.com\/netcom\/wp-json\/wp\/v2\/types\/product"}],"wp:featuredmedia":[{"embeddable":true,"href":"https:\/\/grupoplasma.com\/netcom\/wp-json\/wp\/v2\/media\/11270"}],"wp:attachment":[{"href":"https:\/\/grupoplasma.com\/netcom\/wp-json\/wp\/v2\/media?parent=10314"}],"wp:term":[{"taxonomy":"product_brand","embeddable":true,"href":"https:\/\/grupoplasma.com\/netcom\/wp-json\/wp\/v2\/product_brand?post=10314"},{"taxonomy":"product_cat","embeddable":true,"href":"https:\/\/grupoplasma.com\/netcom\/wp-json\/wp\/v2\/product_cat?post=10314"},{"taxonomy":"product_tag","embeddable":true,"href":"https:\/\/grupoplasma.com\/netcom\/wp-json\/wp\/v2\/product_tag?post=10314"}],"curies":[{"name":"wp","href":"https:\/\/api.w.org\/{rel}","templated":true}]}}