{"id":10190,"date":"2023-01-24T21:16:50","date_gmt":"2023-01-24T21:16:50","guid":{"rendered":"https:\/\/grupoplasma.com\/netcom\/?post_type=product&#038;p=10190"},"modified":"2023-01-24T22:18:40","modified_gmt":"2023-01-24T22:18:40","slug":"cable-displayport-a-displayport-de-1-80-metros","status":"publish","type":"product","link":"https:\/\/grupoplasma.com\/netcom\/producto\/cable-displayport-a-displayport-de-1-80-metros\/","title":{"rendered":"Cable DisplayPort a DisplayPort de 1.80 Metros"},"content":{"rendered":"<p>Este cable DisplayPort versi\u00f3n 1.3 de 1.80 metros le permite conectar su ordenador port\u00e1til o de sobremesa equipado con DisplayPort\u2122 a un monitor, televisor o proyector 4K de s\u00faper alta definici\u00f3n. Compatible con resoluciones de hasta 4K (4096 x 2160) a 60Hz.<br \/>\nCable fabricado con un alambre fino de categor\u00eda profesional que permite una instalaci\u00f3n flexible, de la m\u00e1s alta confiabilidad y con una calidad impecable.<br \/>\nEl cable DisplayPort ofrece un rendimiento superior a HDMI\u00ae o DVI de enlace dual, adem\u00e1s de admitir resoluciones de alta definici\u00f3n de hasta 4k x 2k (4096 x 2160) a 60 Hz, con un ancho de banda m\u00e1ximo HBR2 de 21,6 Gbps. Tambi\u00e9n admite MST (&#8220;Multi-Stream&#8221;) para la conexi\u00f3n en serie de varios monitores, adem\u00e1s de compatibilidad opcional con audio.<br \/>\nEs retro compatible con pantallas de resoluci\u00f3n inferior como 1080p y 2K, lo cual lo convierte en el dispositivo perif\u00e9rico perfecto para adaptar su infraestructura de cableado al futuro.<\/p>\n<p>Producto avalado por la garant\u00eda de NETCOM y con soporte t\u00e9cnico gratuito de por vida.<\/p>\n","protected":false},"excerpt":{"rendered":"<p>Este cable DisplayPort versi\u00f3n 1.3 de 1.80 metros le permite conectar su ordenador port\u00e1til o de sobremesa equipado con DisplayPort\u2122 a un monitor, televisor o proyector 4K de s\u00faper alta definici\u00f3n. Compatible con resoluciones de hasta 4K (4096 x 2160) a 60Hz.<br \/>\nEs retro compatible con pantallas de resoluci\u00f3n inferior como 1080p y 2K, lo cual lo convierte en el dispositivo perif\u00e9rico perfecto para adaptar su infraestructura de cableado al futuro.<\/p>\n<p>Marca: NETCOM<br \/>\nModelo: PE-DP0192<br \/>\nVersi\u00f3n: 2023<br \/>\nNETCOM es una marca 100% peruana<\/p>\n","protected":false},"featured_media":10187,"template":"","meta":[],"product_brand":[],"product_cat":[161],"product_tag":[],"class_list":{"0":"post-10190","1":"product","2":"type-product","3":"status-publish","4":"has-post-thumbnail","6":"product_cat-cables-displayport","9":"first","10":"instock","11":"shipping-taxable","12":"product-type-simple"},"_links":{"self":[{"href":"https:\/\/grupoplasma.com\/netcom\/wp-json\/wp\/v2\/product\/10190","targetHints":{"allow":["GET"]}}],"collection":[{"href":"https:\/\/grupoplasma.com\/netcom\/wp-json\/wp\/v2\/product"}],"about":[{"href":"https:\/\/grupoplasma.com\/netcom\/wp-json\/wp\/v2\/types\/product"}],"wp:featuredmedia":[{"embeddable":true,"href":"https:\/\/grupoplasma.com\/netcom\/wp-json\/wp\/v2\/media\/10187"}],"wp:attachment":[{"href":"https:\/\/grupoplasma.com\/netcom\/wp-json\/wp\/v2\/media?parent=10190"}],"wp:term":[{"taxonomy":"product_brand","embeddable":true,"href":"https:\/\/grupoplasma.com\/netcom\/wp-json\/wp\/v2\/product_brand?post=10190"},{"taxonomy":"product_cat","embeddable":true,"href":"https:\/\/grupoplasma.com\/netcom\/wp-json\/wp\/v2\/product_cat?post=10190"},{"taxonomy":"product_tag","embeddable":true,"href":"https:\/\/grupoplasma.com\/netcom\/wp-json\/wp\/v2\/product_tag?post=10190"}],"curies":[{"name":"wp","href":"https:\/\/api.w.org\/{rel}","templated":true}]}}