{"id":10175,"date":"2023-01-24T20:32:32","date_gmt":"2023-01-24T20:32:32","guid":{"rendered":"https:\/\/grupoplasma.com\/netcom\/?post_type=product&#038;p=10175"},"modified":"2026-01-28T17:31:44","modified_gmt":"2026-01-28T17:31:44","slug":"cable-extension-usb-3-0-de-5-metros","status":"publish","type":"product","link":"https:\/\/grupoplasma.com\/netcom\/producto\/cable-extension-usb-3-0-de-5-metros\/","title":{"rendered":"Cable Extensi\u00f3n USB 3.0 de 5 Metros"},"content":{"rendered":"<p>Este cable USB 3.0 macho a hembra permite extender la conexi\u00f3n de un cable USB 3.0 en hasta 5 metros, con ancho de banda USB 3.0 total de 5 Gbps, con m\u00e1ximo rendimiento entre los dispositivos compatibles cuando se utilicen con un dispositivo y un anfitri\u00f3n USB 3.0. El cable de extensi\u00f3n est\u00e1 fabricado con dise\u00f1o STP (\u201cShielded Twisted Pair\u201d, pares de cables trenzados con blindaje), lo cual evita interferencias electromagn\u00e9ticas y garantiza una transmisi\u00f3n fiable de los datos.<\/p>\n<p><strong>Caracter\u00edsticas.<\/strong><\/p>\n<p>* El cable de extensi\u00f3n USB 3,0 de alto rendimiento extiende la conexi\u00f3n entre un ordenador o una tableta Windows y los perif\u00e9ricos USB 3,0 y USB 2,0, incluidos los discos duros, los concentradores USB, los ratones, los teclados, las unidades flash, las impresoras, etc.<\/p>\n<p>* Los cables de extensi\u00f3n USB 3,0 pr\u00e1cticos y rentables proporcionan cables USB 3,0 de repuesto o de reemplazo (macho a hembra) para guardarlo en el escritorio o en su bolsa de accesorios<\/p>\n<p>* Disfruta de una tasa de transferencia de datos SuperSpeed USB 3,0 a prueba de futuro de hasta 5 Gbps, 10 veces m\u00e1s r\u00e1pida que USB 2,0<\/p>\n<p>* Cable repetidor USB 3,0 de alta calidad dise\u00f1ado con conectores de alivio de tensi\u00f3n moldeados para mayor durabilidad y pelda\u00f1os de agarre para conectar y desenchufar f\u00e1cilmente.<\/p>\n<p>* La combinaci\u00f3n de conectores chapados en oro, conductores de cobre desnudo, blindaje de l\u00e1mina y trenzado de nylon proporciona un rendimiento superior del cable y una transmisi\u00f3n de datos sin errores.<\/p>\n","protected":false},"excerpt":{"rendered":"<p>ste cable USB 3.0 macho a hembra permite extender la conexi\u00f3n de un cable USB 3.0 en hasta 5 metros, con ancho de banda USB 3.0 total de 5 Gbps, con m\u00e1ximo rendimiento entre los dispositivos compatibles cuando se utilicen con un dispositivo y un anfitri\u00f3n USB 3.0. El cable de extensi\u00f3n est\u00e1 fabricado con dise\u00f1o STP (\u201cShielded Twisted Pair\u201d, pares de cables trenzados con blindaje), lo cual evita interferencias electromagn\u00e9ticas y garantiza una transmisi\u00f3n fiable de los datos.<\/p>\n<p>\u2022 Marca: NETCOM.<br \/>\n\u2022 Modelo: PE-CA0094.<br \/>\nMarca 100% peruana, producto avalado por la garant\u00eda de NETCOM y con soporte t\u00e9cnico gratuito de por vida.<\/p>\n","protected":false},"featured_media":11598,"template":"","meta":[],"product_brand":[],"product_cat":[146,160],"product_tag":[],"class_list":{"0":"post-10175","1":"product","2":"type-product","3":"status-publish","4":"has-post-thumbnail","6":"product_cat-cables","7":"product_cat-cables-usb-3-0","10":"first","11":"instock","12":"shipping-taxable","13":"product-type-simple"},"_links":{"self":[{"href":"https:\/\/grupoplasma.com\/netcom\/wp-json\/wp\/v2\/product\/10175","targetHints":{"allow":["GET"]}}],"collection":[{"href":"https:\/\/grupoplasma.com\/netcom\/wp-json\/wp\/v2\/product"}],"about":[{"href":"https:\/\/grupoplasma.com\/netcom\/wp-json\/wp\/v2\/types\/product"}],"wp:featuredmedia":[{"embeddable":true,"href":"https:\/\/grupoplasma.com\/netcom\/wp-json\/wp\/v2\/media\/11598"}],"wp:attachment":[{"href":"https:\/\/grupoplasma.com\/netcom\/wp-json\/wp\/v2\/media?parent=10175"}],"wp:term":[{"taxonomy":"product_brand","embeddable":true,"href":"https:\/\/grupoplasma.com\/netcom\/wp-json\/wp\/v2\/product_brand?post=10175"},{"taxonomy":"product_cat","embeddable":true,"href":"https:\/\/grupoplasma.com\/netcom\/wp-json\/wp\/v2\/product_cat?post=10175"},{"taxonomy":"product_tag","embeddable":true,"href":"https:\/\/grupoplasma.com\/netcom\/wp-json\/wp\/v2\/product_tag?post=10175"}],"curies":[{"name":"wp","href":"https:\/\/api.w.org\/{rel}","templated":true}]}}